{"id":1921,"date":"2021-11-23T10:28:35","date_gmt":"2021-11-23T10:28:35","guid":{"rendered":"https:\/\/www.candlelightersinternational.org\/sensibilisation\/"},"modified":"2025-07-14T12:56:08","modified_gmt":"2025-07-14T12:56:08","slug":"sensibilisation","status":"publish","type":"page","link":"https:\/\/www.candlelightersinternational.org\/fr\/sensibilisation\/","title":{"rendered":"Sensibilisation"},"content":{"rendered":"<h1>Sensibilisation<\/h1>\n<p><img loading=\"lazy\" decoding=\"async\" class=\"wp-image-899 size-full aligncenter\" src=\"https:\/\/candlelightersinternational.org\/wp-content\/uploads\/2020\/07\/outreach.png\" alt=\"\" width=\"1920\" height=\"855\"><\/p>\n<h3><strong><span style=\"color: #000000;\">Nos actions, activit\u00e9s et programmes de sensibilisation sont sp\u00e9cifiquement ax\u00e9s sur des approches \u00e9vang\u00e9liques innovantes pour apporter l&#8217;\u00e9vangile de J\u00e9sus-Christ aux incroyants, aux d\u00e9courag\u00e9s et aux bless\u00e9s. <\/span><\/strong><\/h3>\n<h3><strong><span style=\"color: #000000;\">Nous adoptons une vari\u00e9t\u00e9 d&#8217;approches pour apporter la puissance vivante de l&#8217;\u00c9vangile \u00e0 nos familles et communaut\u00e9s, conform\u00e9ment \u00e0 la Grande Commission.<\/span><br \/>\n<\/strong><\/h3>\n","protected":false},"excerpt":{"rendered":"<p>Sensibilisation Nos actions, activit\u00e9s et programmes de sensibilisation sont sp\u00e9cifiquement ax\u00e9s sur des approches \u00e9vang\u00e9liques innovantes pour apporter l&#8217;\u00e9vangile de J\u00e9sus-Christ aux incroyants, aux d\u00e9courag\u00e9s et aux bless\u00e9s. Nous adoptons une vari\u00e9t\u00e9 d&#8217;approches pour apporter la puissance vivante de l&#8217;\u00c9vangile \u00e0 nos familles et communaut\u00e9s, conform\u00e9ment \u00e0 la Grande Commission.<\/p>\n","protected":false},"author":1,"featured_media":0,"parent":0,"menu_order":0,"comment_status":"closed","ping_status":"closed","template":"page-templates\/outreach-page.php","meta":{"nf_dc_page":"","footnotes":""},"class_list":["post-1921","page","type-page","status-publish","hentry"],"_links":{"self":[{"href":"https:\/\/www.candlelightersinternational.org\/fr\/wp-json\/wp\/v2\/pages\/1921","targetHints":{"allow":["GET"]}}],"collection":[{"href":"https:\/\/www.candlelightersinternational.org\/fr\/wp-json\/wp\/v2\/pages"}],"about":[{"href":"https:\/\/www.candlelightersinternational.org\/fr\/wp-json\/wp\/v2\/types\/page"}],"author":[{"embeddable":true,"href":"https:\/\/www.candlelightersinternational.org\/fr\/wp-json\/wp\/v2\/users\/1"}],"replies":[{"embeddable":true,"href":"https:\/\/www.candlelightersinternational.org\/fr\/wp-json\/wp\/v2\/comments?post=1921"}],"version-history":[{"count":2,"href":"https:\/\/www.candlelightersinternational.org\/fr\/wp-json\/wp\/v2\/pages\/1921\/revisions"}],"predecessor-version":[{"id":3861,"href":"https:\/\/www.candlelightersinternational.org\/fr\/wp-json\/wp\/v2\/pages\/1921\/revisions\/3861"}],"wp:attachment":[{"href":"https:\/\/www.candlelightersinternational.org\/fr\/wp-json\/wp\/v2\/media?parent=1921"}],"curies":[{"name":"wp","href":"https:\/\/api.w.org\/{rel}","templated":true}]}}