{"id":1923,"date":"2019-11-05T12:35:29","date_gmt":"2019-11-05T12:35:29","guid":{"rendered":"https:\/\/www.candlelightersinternational.org\/a-propos-de-nous\/faire-un-don\/"},"modified":"2025-07-15T07:10:07","modified_gmt":"2025-07-15T07:10:07","slug":"faire-un-don","status":"publish","type":"page","link":"https:\/\/www.candlelightersinternational.org\/fr\/a-propos-de-nous\/faire-un-don\/","title":{"rendered":"Faire un don"},"content":{"rendered":"<h1>FAIRE UN DON MAINTENANT<\/h1>\n<p><span style=\"color: #000000;\">Bienvenue sur notre page de dons.<\/span><\/p>\n<p><span style=\"color: #000000;\">Nous sommes tr\u00e8s heureux de nous associer \u00e0 vous pour apporter une transformation dans la vie de beaucoup, par la gr\u00e2ce de Dieu.<\/span><\/p>\n<p><span style=\"color: #000000;\">Votre don g\u00e9n\u00e9reux nous aidera<em> \u00e0 promouvoir la croissance spirituelle par la puissance de l&#8217;Esprit Saint,<\/em> en apportant des informations et des connaissances plus approfondies, ainsi qu&#8217;une compr\u00e9hension pratique et applicable de la vision chr\u00e9tienne du monde dans les domaines de la vie quotidienne, des relations avec le monde, des affaires et d&#8217;autres domaines qui affectent et influencent notre vie de tous les jours.<br \/>\n<\/span><\/p>\n<p><span style=\"color: #000000;\"><strong>En raison de votre <\/strong><strong>soutien <\/strong><strong>quelqu&#8217;un sera <\/strong><strong>sera<\/strong> <em>mieux \u00e9quip\u00e9<\/em><em>encourager<\/em><em>et fortifi\u00e9e par la v\u00e9rit\u00e9 propre \u00e0 la Parole de Dieu.<\/em><em>de la v\u00e9rit\u00e9 propre \u00e0 la Parole de Dieu. <\/em><\/span><span style=\"color: #000000;\">Nous avons le plaisir de vous informer que, sur la base des services et des produits que nous offrons, <em><strong>vous \u00eates notre premi\u00e8re cible b\u00e9n\u00e9ficiaire aussi<\/strong><\/em>. <strong>Votre soutien financier nous permet de vous aider \u00e0 renforcer votre marche avec J\u00e9sus-Christ.<\/strong><\/span><\/p>\n<h3 style=\"text-align: center;\"><span style=\"color: #333399;\"><strong>CANAUX DE DON<\/strong><\/span><\/h3>\n<h4><span style=\"color: #3366ff;\"><strong>1.<\/strong> <strong>Virement bancaire direct<\/strong><br \/>\n<\/span><\/h4>\n<p style=\"text-align: center;\"><span style=\"color: #000000;\"><strong>Titulaire du compte\u00a0:<\/strong> Candlelighters International<\/span><\/p>\n<p style=\"text-align: center;\"><span style=\"color: #000000;\"><strong>Banque :<\/strong> PostFinance SA<\/span><\/p>\n<p style=\"text-align: center;\"><span style=\"color: #000000;\"><strong>Num\u00e9ro de compte\u00a0:<\/strong> 15-625982-4<\/span><\/p>\n<p style=\"text-align: center;\"><span style=\"color: #000000;\"><strong>IBAN :<\/strong> CH08 0900 0000 1562 5982 4<\/span><\/p>\n<p style=\"text-align: center;\"><span style=\"color: #000000;\"><strong>BIC\u00a0:<\/strong> POFICHBEXXX<\/span><\/p>\n<h4><span style=\"color: #3366ff;\"><strong>2. PayPal et autres cartes<br \/>\n<\/strong><\/span><\/h4>\n<p>&nbsp;<\/p>\n","protected":false},"excerpt":{"rendered":"<p>FAIRE UN DON MAINTENANT Bienvenue sur notre page de dons. Nous sommes tr\u00e8s heureux de nous associer \u00e0 vous pour apporter une transformation dans la vie de beaucoup, par la gr\u00e2ce de Dieu. Votre don g\u00e9n\u00e9reux nous aidera \u00e0 promouvoir la croissance spirituelle par la puissance de l&#8217;Esprit Saint, en apportant des informations et des [&hellip;]<\/p>\n","protected":false},"author":1,"featured_media":0,"parent":1918,"menu_order":0,"comment_status":"closed","ping_status":"closed","template":"page-templates\/donate-page.php","meta":{"nf_dc_page":"","footnotes":""},"class_list":["post-1923","page","type-page","status-publish","hentry"],"_links":{"self":[{"href":"https:\/\/www.candlelightersinternational.org\/fr\/wp-json\/wp\/v2\/pages\/1923","targetHints":{"allow":["GET"]}}],"collection":[{"href":"https:\/\/www.candlelightersinternational.org\/fr\/wp-json\/wp\/v2\/pages"}],"about":[{"href":"https:\/\/www.candlelightersinternational.org\/fr\/wp-json\/wp\/v2\/types\/page"}],"author":[{"embeddable":true,"href":"https:\/\/www.candlelightersinternational.org\/fr\/wp-json\/wp\/v2\/users\/1"}],"replies":[{"embeddable":true,"href":"https:\/\/www.candlelightersinternational.org\/fr\/wp-json\/wp\/v2\/comments?post=1923"}],"version-history":[{"count":6,"href":"https:\/\/www.candlelightersinternational.org\/fr\/wp-json\/wp\/v2\/pages\/1923\/revisions"}],"predecessor-version":[{"id":3922,"href":"https:\/\/www.candlelightersinternational.org\/fr\/wp-json\/wp\/v2\/pages\/1923\/revisions\/3922"}],"up":[{"embeddable":true,"href":"https:\/\/www.candlelightersinternational.org\/fr\/wp-json\/wp\/v2\/pages\/1918"}],"wp:attachment":[{"href":"https:\/\/www.candlelightersinternational.org\/fr\/wp-json\/wp\/v2\/media?parent=1923"}],"curies":[{"name":"wp","href":"https:\/\/api.w.org\/{rel}","templated":true}]}}