{"id":1927,"date":"2019-11-06T13:22:47","date_gmt":"2019-11-06T13:22:47","guid":{"rendered":"https:\/\/www.candlelightersinternational.org\/a-propos-de-nous\/ce-que-nous-croyons\/"},"modified":"2025-07-15T05:23:02","modified_gmt":"2025-07-15T05:23:02","slug":"ce-que-nous-croyons","status":"publish","type":"page","link":"https:\/\/www.candlelightersinternational.org\/fr\/a-propos-de-nous\/ce-que-nous-croyons\/","title":{"rendered":"Ce que nous croyons"},"content":{"rendered":"<h1>Ce que nous croyons<\/h1>\n<img loading=\"lazy\" decoding=\"async\" class=\"size-full wp-image-147 alignleft\" src=\"https:\/\/candlelightersinternational.org\/wp-content\/uploads\/2019\/11\/about_thumb3.jpg\" alt=\"\" width=\"195\" height=\"171\" \/><img loading=\"lazy\" decoding=\"async\" class=\"size-medium wp-image-148 alignleft\" src=\"https:\/\/candlelightersinternational.org\/wp-content\/uploads\/2019\/11\/about_thumb1.jpg\" alt=\"\" width=\"195\" height=\"171\" \/><img loading=\"lazy\" decoding=\"async\" class=\"size-medium wp-image-149 alignleft\" src=\"https:\/\/candlelightersinternational.org\/wp-content\/uploads\/2019\/11\/about_thumb2.jpg\" alt=\"\" width=\"195\" height=\"171\" \/>\n<h1><\/h1>\n<p><span style=\"color: #000000;\">En tant que minist\u00e8re au service de Dieu, Candlelighters International soutient fid\u00e8lement les v\u00e9rit\u00e9s r\u00e9v\u00e9l\u00e9es de la Sainte \u00c9criture. Nous nous engageons \u00e0 respecter les enseignements essentiels suivants des \u00c9critures et de la foi chr\u00e9tienne.<\/span><\/p>\n<p><span style=\"color: #000000;\">Nous croyons en:<\/span><\/p>\n<ol>\n<li><span style=\"color: #000000;\"><strong>L&#8217;autorit\u00e9 des \u00c9critures :<\/strong> La Bible est la Parole inspir\u00e9e, infaillible et infaillible de Dieu. La v\u00e9rit\u00e9 de la Bible est absolue et non relative. Le message central du salut et les enseignements essentiels sont clairs et accessibles \u00e0 tous ceux qui suivent les r\u00e8gles standard et \u00e9videntes de l&#8217;interpr\u00e9tation litt\u00e9raire. La v\u00e9rit\u00e9 propre \u00e0 la Parole de Dieu est l&#8217;autorit\u00e9 finale de la foi et de la pratique pour chaque croyant. Les Saintes \u00c9critures sont inspir\u00e9es de Dieu et constituent la source ultime de la connaissance de Dieu. C&#8217;est le guide d\u00e9finitif de notre vie quotidienne et il est utile pour enseigner, pour r\u00e9primander, pour corriger et pour instruire dans la justice.<\/span><\/li>\n<li><span style=\"color: #000000;\"><strong>La nature trinitaire de Dieu :<\/strong> Nous affirmons l&#8217;existence de Dieu en trois personnes, c&#8217;est-\u00e0-dire le P\u00e8re, le Fils et le Saint-Esprit.<\/span><\/li>\n<li><span style=\"color: #000000;\"><strong>Le Dieu cr\u00e9ateur :<\/strong> Nous croyons en un Dieu qui a cr\u00e9\u00e9 l&#8217;univers \u00e0 partir de rien et il r\u00e8gne souverainement sur sa cr\u00e9ation, y compris les \u00eatres humains et ang\u00e9liques.<\/span><\/li>\n<li><span style=\"color: #000000;\"><strong>La nature trinitaire de l&#8217;homme (les \u00eatres humains) :<\/strong> Nous croyons \u00e9galement que l <strong>&#8216;homme est un \u00eatre spirituel (dot\u00e9 d&#8217;un esprit et d&#8217;une \u00e2me) et qu&#8217;il vit dans un corps physique. <\/strong>Nous croyons que l&#8217;homme est cr\u00e9\u00e9 \u00e0 l&#8217;image de Dieu, mais qu&#8217;\u00e0 cause du p\u00e9ch\u00e9 ou de la transgression de l&#8217;homme, la nature de l&#8217;homme est d\u00e9form\u00e9e, ce qui conduit \u00e0 la perte de la communion avec Dieu. L&#8217;\u00e9tat d\u00e9chu ou p\u00e9cheur de l&#8217;homme est si grave que ses effets continuent d&#8217;\u00eatre observ\u00e9s dans la vie et la soci\u00e9t\u00e9 de l&#8217;homme \u2013 se manifestant sous diff\u00e9rentes formes de cruaut\u00e9, de souffrance et de mort.<\/span><\/li>\n<li><span style=\"color: #000000;\"><strong>Un Sauveur en J\u00e9sus le Christ :<\/strong> Par la gr\u00e2ce de Dieu, <strong>J\u00e9sus le Christ \u2013 qui est pleinement Dieu et pleinement homme \u2013 a \u00e9t\u00e9 envoy\u00e9 pour nous sauver de notre esclavage au p\u00e9ch\u00e9<\/strong> . Nous croyons que J\u00e9sus-Christ est le Fils \u00e9ternel de Dieu, la deuxi\u00e8me personne de la Trinit\u00e9, qui a pris sur lui la chair humaine par la conception miraculeuse du Saint-Esprit dans le sein de Marie (qui \u00e9tait vierge). Nous croyons que J\u00e9sus-Christ est n\u00e9 d&#8217;une vierge, est mort pour les p\u00e9ch\u00e9s de l&#8217;humanit\u00e9, est physiquement ressuscit\u00e9 des morts et a \u00e9t\u00e9 vu sur la terre pendant un certain temps, est mont\u00e9 au ciel et reviendra pour juger le monde et d\u00e9livrer ses saints. Nous croyons que la mort de J\u00e9sus sur la croix a fourni une expiation de substitution p\u00e9nale pour les p\u00e9ch\u00e9s de l&#8217;humanit\u00e9, offrant le salut \u00e0 Dieu. Dans le salut, nous sommes sauv\u00e9s de la col\u00e8re de Dieu. Nous croyons que J\u00e9sus le Christ qui est le vrai Dieu est devenu le vrai homme, unissant deux natures en une seule personne pour toujours, a v\u00e9cu une vie parfaite et sans p\u00e9ch\u00e9. La foi en J\u00e9sus le Christ est le seul moyen par lequel l&#8217;humanit\u00e9 peut \u00e9chapper \u00e0 la damnation et au jugement \u00e9ternels.<\/span><\/li>\n<li><span style=\"color: #000000;\"><strong>Le Saint-Esprit :<\/strong> Le Saint-Esprit est la troisi\u00e8me personne \u00e9ternelle du Dieu trinitaire, le r\u00e9g\u00e9n\u00e9rateur et le sanctificateur des rachet\u00e9s, le r\u00e9v\u00e9lateur et le dispensateur de toute v\u00e9rit\u00e9, fruits et dons spirituels, et l&#8217;avocat permanent qui donne aux croyants le pouvoir de vivre et de servir selon Dieu. .<\/span><\/li>\n<li><span style=\"color: #000000;\"><strong>L&#8217;\u00c9glise en tant que Corps du Christ :<\/strong> Nous croyons en une seule \u00c9glise sainte, universelle ( <strong>non \u00e9clectique<\/strong> ) et apostolique. Son appel est d&#8217;adorer Dieu et de t\u00e9moigner de J\u00e9sus-Christ \u00e0 toutes les nations, en d\u00e9montrant l&#8217;amour et la justice de J\u00e9sus-Christ avec un service compatissant aux besoins de tous. Au sein de la v\u00e9ritable \u00e9glise, l&#8217;\u00c9pouse du Christ, collectivement et individuellement, les membres s&#8217;efforcent d&#8217;adorer, de servir et de glorifier Dieu par la pri\u00e8re et la louange, l&#8217;\u00e9tude et l&#8217;application assidues des \u00c9critures, la vie sanctifi\u00e9e, les bonnes \u0153uvres.<\/span><\/li>\n<li><span style=\"color: #000000;\"><strong>L&#8217;Enl\u00e8vement :<\/strong> Lors de sa seconde venue, Christ arrachera des vies terrestres et ressuscitera \u00e9galement d&#8217;entre les morts ceux qui ont re\u00e7u le don gratuit du salut, pour vivre pour toujours en communion dans le Royaume de Dieu dans les cieux. Le destin ultime de l&#8217;humanit\u00e9 non rachet\u00e9e est la punition \u00e9ternelle en enfer avec Satan et ses cohortes.<\/span><\/li>\n<\/ol>\n","protected":false},"excerpt":{"rendered":"<p>Ce que nous croyons En tant que minist\u00e8re au service de Dieu, Candlelighters International soutient fid\u00e8lement les v\u00e9rit\u00e9s r\u00e9v\u00e9l\u00e9es de la Sainte \u00c9criture. Nous nous engageons \u00e0 respecter les enseignements essentiels suivants des \u00c9critures et de la foi chr\u00e9tienne. Nous croyons en: L&#8217;autorit\u00e9 des \u00c9critures : La Bible est la Parole inspir\u00e9e, infaillible et infaillible [&hellip;]<\/p>\n","protected":false},"author":1,"featured_media":0,"parent":1918,"menu_order":0,"comment_status":"closed","ping_status":"closed","template":"","meta":{"footnotes":""},"class_list":["post-1927","page","type-page","status-publish","hentry"],"_links":{"self":[{"href":"https:\/\/www.candlelightersinternational.org\/fr\/wp-json\/wp\/v2\/pages\/1927","targetHints":{"allow":["GET"]}}],"collection":[{"href":"https:\/\/www.candlelightersinternational.org\/fr\/wp-json\/wp\/v2\/pages"}],"about":[{"href":"https:\/\/www.candlelightersinternational.org\/fr\/wp-json\/wp\/v2\/types\/page"}],"author":[{"embeddable":true,"href":"https:\/\/www.candlelightersinternational.org\/fr\/wp-json\/wp\/v2\/users\/1"}],"replies":[{"embeddable":true,"href":"https:\/\/www.candlelightersinternational.org\/fr\/wp-json\/wp\/v2\/comments?post=1927"}],"version-history":[{"count":3,"href":"https:\/\/www.candlelightersinternational.org\/fr\/wp-json\/wp\/v2\/pages\/1927\/revisions"}],"predecessor-version":[{"id":3889,"href":"https:\/\/www.candlelightersinternational.org\/fr\/wp-json\/wp\/v2\/pages\/1927\/revisions\/3889"}],"up":[{"embeddable":true,"href":"https:\/\/www.candlelightersinternational.org\/fr\/wp-json\/wp\/v2\/pages\/1918"}],"wp:attachment":[{"href":"https:\/\/www.candlelightersinternational.org\/fr\/wp-json\/wp\/v2\/media?parent=1927"}],"curies":[{"name":"wp","href":"https:\/\/api.w.org\/{rel}","templated":true}]}}