{"id":1939,"date":"2019-12-05T12:41:00","date_gmt":"2019-12-05T12:41:00","guid":{"rendered":"https:\/\/www.candlelightersinternational.org\/video-dactualite\/"},"modified":"2025-07-14T13:11:31","modified_gmt":"2025-07-14T13:11:31","slug":"video-dactualite","status":"publish","type":"page","link":"https:\/\/www.candlelightersinternational.org\/fr\/video-dactualite\/","title":{"rendered":"Vid\u00e9o d&#8217;actualit\u00e9"},"content":{"rendered":"<h1>Vid\u00e9o d&#8217;actualit\u00e9<\/h1>\n","protected":false},"excerpt":{"rendered":"<p>Vid\u00e9o d&#8217;actualit\u00e9<\/p>\n","protected":false},"author":1,"featured_media":0,"parent":0,"menu_order":0,"comment_status":"closed","ping_status":"closed","template":"page-templates\/topical-videos-page.php","meta":{"nf_dc_page":"","footnotes":""},"class_list":["post-1939","page","type-page","status-publish","hentry"],"_links":{"self":[{"href":"https:\/\/www.candlelightersinternational.org\/fr\/wp-json\/wp\/v2\/pages\/1939","targetHints":{"allow":["GET"]}}],"collection":[{"href":"https:\/\/www.candlelightersinternational.org\/fr\/wp-json\/wp\/v2\/pages"}],"about":[{"href":"https:\/\/www.candlelightersinternational.org\/fr\/wp-json\/wp\/v2\/types\/page"}],"author":[{"embeddable":true,"href":"https:\/\/www.candlelightersinternational.org\/fr\/wp-json\/wp\/v2\/users\/1"}],"replies":[{"embeddable":true,"href":"https:\/\/www.candlelightersinternational.org\/fr\/wp-json\/wp\/v2\/comments?post=1939"}],"version-history":[{"count":1,"href":"https:\/\/www.candlelightersinternational.org\/fr\/wp-json\/wp\/v2\/pages\/1939\/revisions"}],"predecessor-version":[{"id":1940,"href":"https:\/\/www.candlelightersinternational.org\/fr\/wp-json\/wp\/v2\/pages\/1939\/revisions\/1940"}],"wp:attachment":[{"href":"https:\/\/www.candlelightersinternational.org\/fr\/wp-json\/wp\/v2\/media?parent=1939"}],"curies":[{"name":"wp","href":"https:\/\/api.w.org\/{rel}","templated":true}]}}