{"id":1949,"date":"2019-11-06T13:26:28","date_gmt":"2019-11-06T13:26:28","guid":{"rendered":"https:\/\/www.candlelightersinternational.org\/a-propos-de-nous\/documents-corporatifs\/"},"modified":"2025-07-15T09:38:06","modified_gmt":"2025-07-15T09:38:06","slug":"documents-corporatifs","status":"publish","type":"page","link":"https:\/\/www.candlelightersinternational.org\/fr\/ce-que-nous-faisons\/documents-corporatifs\/","title":{"rendered":"Documents corporatifs"},"content":{"rendered":"<h1>Documents corporatifs<\/h1>\n<img loading=\"lazy\" decoding=\"async\" class=\"size-full wp-image-147 alignleft\" src=\"https:\/\/candlelightersinternational.org\/wp-content\/uploads\/2019\/11\/about_thumb3.jpg\" alt=\"\" width=\"195\" height=\"171\" \/><img loading=\"lazy\" decoding=\"async\" class=\"size-medium wp-image-148 alignleft\" src=\"https:\/\/candlelightersinternational.org\/wp-content\/uploads\/2019\/11\/about_thumb1.jpg\" alt=\"\" width=\"195\" height=\"171\" \/><img loading=\"lazy\" decoding=\"async\" class=\"size-medium wp-image-149 alignleft\" src=\"https:\/\/candlelightersinternational.org\/wp-content\/uploads\/2019\/11\/about_thumb2.jpg\" alt=\"\" width=\"195\" height=\"171\" \/>\n<h3>Archives d&#8217;entreprise<\/h3>\n<p><span style=\"color: #000000;\">Veuillez toujours revenir pour consulter nos documents les plus r\u00e9cents, y compris notre rapport financier, nos rapports annuels, nos rapports de programme, nos brochures, nos d\u00e9pliants, nos infographies, etc.<\/span><\/p>\n<h3><\/h3>\n<h3><strong>Brochure corporative<\/strong><\/h3>\n<img loading=\"lazy\" decoding=\"async\" class=\"wp-image-994 alignleft\" src=\"https:\/\/candlelightersinternational.org\/wp-content\/uploads\/2020\/08\/Brochure-Mockup-01-English-scaled.jpg\" alt=\"\" width=\"298\" height=\"198\" \/>\n<h5>Version <a href=\"https:\/\/candlelightersinternational.org\/wp-content\/uploads\/2020\/08\/Brochure-Normal.pdf\" target=\"_blank\" rel=\"noopener noreferrer\">anglaise (PDF) <\/a>Version allemande (bient\u00f4t disponible) <a href=\"https:\/\/candlelightersinternational.org\/wp-content\/uploads\/2020\/10\/Brochure-French-Normal.pdf\" target=\"_blank\" rel=\"noopener noreferrer\">Version fran\u00e7aise (PDF)<\/a><\/h5>\n<h5><a href=\"https:\/\/flipbookpdf.net\/web\/site\/ec942fad2111712e780bc582e199fdbd9c4de4ab202110.pdf.html\" target=\"_blank\" rel=\"noopener noreferrer\"><span style=\"color: #0000ff;\">FlipBook en ligne en anglais, <\/span><\/a><a href=\"https:\/\/flipbookpdf.net\/web\/site\/dd3dc7dfcb6acf7fb077ad7a1c070c7256570cc8202110.pdf.html\" target=\"_blank\" rel=\"noopener noreferrer\"><span style=\"color: #0000ff;\"><span style=\"color: #ff0000;\">FlipBook en ligne en fran\u00e7ais<\/span><\/span><\/a><\/h5>\n<h3><\/h3>\n<p>&nbsp;<\/p>\n<p>&nbsp;<\/p>\n<hr \/>\n<h3 style=\"text-align: left;\"><strong>Plan strat\u00e9gique 2023-2028<\/strong><\/h3>\n<img loading=\"lazy\" decoding=\"async\" class=\"alignnone size-medium wp-image-3150 alignleft\" src=\"https:\/\/candlelightersinternational.org\/wp-content\/uploads\/2025\/05\/STRATEGIC-PLAN-2023-2028_Final_Cover-Mockup-300x211.jpg\" alt=\"\" width=\"300\" height=\"211\" \/>\n<p><a href=\"https:\/\/candlelightersinternational.org\/wp-content\/uploads\/2025\/05\/STRATEGIC-PLAN-2023-2028_Final-Design_COMPRESSED-VERSION.pdf\" target=\"_blank\" rel=\"noopener\">Version anglaise <\/a>Version fran\u00e7aise Version allemande<\/p>\n","protected":false},"excerpt":{"rendered":"<p>Documents corporatifs Archives d&#8217;entreprise Veuillez toujours revenir pour consulter nos documents les plus r\u00e9cents, y compris notre rapport financier, nos rapports annuels, nos rapports de programme, nos brochures, nos d\u00e9pliants, nos infographies, etc. Brochure corporative Version anglaise (PDF) Version allemande (bient\u00f4t disponible) Version fran\u00e7aise (PDF) FlipBook en ligne en anglais, FlipBook en ligne en fran\u00e7ais [&hellip;]<\/p>\n","protected":false},"author":1,"featured_media":0,"parent":3749,"menu_order":0,"comment_status":"closed","ping_status":"closed","template":"","meta":{"footnotes":""},"class_list":["post-1949","page","type-page","status-publish","hentry"],"_links":{"self":[{"href":"https:\/\/www.candlelightersinternational.org\/fr\/wp-json\/wp\/v2\/pages\/1949","targetHints":{"allow":["GET"]}}],"collection":[{"href":"https:\/\/www.candlelightersinternational.org\/fr\/wp-json\/wp\/v2\/pages"}],"about":[{"href":"https:\/\/www.candlelightersinternational.org\/fr\/wp-json\/wp\/v2\/types\/page"}],"author":[{"embeddable":true,"href":"https:\/\/www.candlelightersinternational.org\/fr\/wp-json\/wp\/v2\/users\/1"}],"replies":[{"embeddable":true,"href":"https:\/\/www.candlelightersinternational.org\/fr\/wp-json\/wp\/v2\/comments?post=1949"}],"version-history":[{"count":3,"href":"https:\/\/www.candlelightersinternational.org\/fr\/wp-json\/wp\/v2\/pages\/1949\/revisions"}],"predecessor-version":[{"id":3936,"href":"https:\/\/www.candlelightersinternational.org\/fr\/wp-json\/wp\/v2\/pages\/1949\/revisions\/3936"}],"up":[{"embeddable":true,"href":"https:\/\/www.candlelightersinternational.org\/fr\/wp-json\/wp\/v2\/pages\/3749"}],"wp:attachment":[{"href":"https:\/\/www.candlelightersinternational.org\/fr\/wp-json\/wp\/v2\/media?parent=1949"}],"curies":[{"name":"wp","href":"https:\/\/api.w.org\/{rel}","templated":true}]}}