{"id":1983,"date":"2021-05-27T07:42:22","date_gmt":"2021-05-27T07:42:22","guid":{"rendered":"https:\/\/www.candlelightersinternational.org\/pourquoi-rejoindre-notre-reseau\/"},"modified":"2025-07-14T12:41:32","modified_gmt":"2025-07-14T12:41:32","slug":"pourquoi-rejoindre-notre-reseau","status":"publish","type":"page","link":"https:\/\/www.candlelightersinternational.org\/fr\/pourquoi-rejoindre-notre-reseau\/","title":{"rendered":"Pourquoi rejoindre notre r\u00e9seau"},"content":{"rendered":"<h1><span style=\"color: #000000;\"><strong>Pourquoi rejoindre notre r\u00e9seau<br \/>\n<\/strong><\/span><\/h1>\n<p><img loading=\"lazy\" decoding=\"async\" class=\"wp-image-1260 aligncenter\" src=\"https:\/\/candlelightersinternational.org\/wp-content\/uploads\/2021\/09\/Network-light-icon.png\" alt=\"\" width=\"960\" height=\"481\"><\/p>\n<h3 style=\"text-align: center;\"><span style=\"color: #ff9900;\"><strong>Notre objectif est d&#8217;allumer votre feu ou de garder votre feu plus brillant. <\/strong><\/span><\/h3>\n<h4 style=\"text-align: left;\"><span style=\"color: #000000;\"><strong>Les consid\u00e9rations suivantes sont donc vitales : <\/strong> <\/span><\/h4>\n<ol>\n<li><span style=\"color: #000000;\">Si vous avez besoin d&#8217;encouragements solides dans votre marche avec Dieu<\/span><\/li>\n<li><span style=\"color: #000000;\">Si l&#8217;\u00e9tat g\u00e9n\u00e9ral de la moralit\u00e9 et de la condition humaine &#8211; dans votre communaut\u00e9, votre nation et le monde &#8211; vous d\u00e9range \u00e0 penser qu&#8217;une sorte d&#8217;action doit \u00eatre faite<\/span><\/li>\n<li><span style=\"color: #000000;\">Si l&#8217;\u00e9tat des familles, des couples, des jeunes et l&#8217;atteinte \u00e0 la famille vous inqui\u00e8tent pour l&#8217;avenir<\/span><\/li>\n<li><span style=\"color: #000000;\">Si vous ne connaissez pas encore l&#8217;appel de Dieu sur votre vie et que vous voulez faire quelque chose pour r\u00e9parer quelque chose pour la gloire de Dieu<\/span><\/li>\n<li><span style=\"color: #000000;\">Si vous souhaitez rencontrer des personnes partageant les m\u00eames id\u00e9es ou ayant des appels similaires pour aborder ensemble un probl\u00e8me particulier<\/span><\/li>\n<li><span style=\"color: #000000;\">Si vous vous inqui\u00e9tez de l&#8217;\u00e9tat de l&#8217;\u00e9glise institutionnelle et de sa capacit\u00e9 \u00e0 influencer et \u00e0 affecter positivement vous et votre communaut\u00e9 d&#8217;une mani\u00e8re pieuse<\/span><\/li>\n<li><span style=\"color: #000000;\">Si vous aviez cess\u00e9 d&#8217;aller \u00e0 l&#8217;\u00e9glise tous ensemble, vous sentiez comme si vous n&#8217;aviez plus d&#8217;endroit vers qui vous tourner pour une communion saine et craignant Dieu<\/span><\/li>\n<li><span style=\"color: #000000;\">Si vous appartenez \u00e0 une \u00e9glise de maison et que vous recherchez un groupe plus large de croyants pour \u00e9tudier, grandir continuellement et mener un minist\u00e8re ensemble<\/span><\/li>\n<li><span style=\"color: #000000;\">Si vous ne savez pas vraiment ce que vous croyez et ne pouvez pas d\u00e9fendre ou pr\u00e9senter votre foi aux autres dans une conversation intelligente ou d\u00e9fendre ses principes lorsqu&#8217;il est attaqu\u00e9<\/span><\/li>\n<li><span style=\"color: #000000;\">Si vous n&#8217;arrivez pas \u00e0 comprendre et ne savez pas comment donner un sens \u00e0 l&#8217;\u00e9norme d\u00e9charge d&#8217;informations actuellement disponible partout<\/span><\/li>\n<li><span style=\"color: #000000;\">Si vous avez besoin d&#8217;augmenter votre connaissance de la Parole de Dieu, de la foi chr\u00e9tienne et de sa vision du monde<\/span><\/li>\n<li><span style=\"color: #000000;\">Si la diminution de la fr\u00e9quentation de l&#8217;\u00e9glise et l&#8217;augmentation de la population non-croyante vous troublent<\/span><\/li>\n<\/ol>\n<p><a class=\"big_btn\" href=\"https:\/\/candlelightersinternational.org\/become-a-member\/subscription\/\">S&#8217;inscrire maintenant<\/a><\/p>\n","protected":false},"excerpt":{"rendered":"<p>Pourquoi rejoindre notre r\u00e9seau Notre objectif est d&#8217;allumer votre feu ou de garder votre feu plus brillant. Les consid\u00e9rations suivantes sont donc vitales : Si vous avez besoin d&#8217;encouragements solides dans votre marche avec Dieu Si l&#8217;\u00e9tat g\u00e9n\u00e9ral de la moralit\u00e9 et de la condition humaine &#8211; dans votre communaut\u00e9, votre nation et le monde [&hellip;]<\/p>\n","protected":false},"author":1,"featured_media":0,"parent":0,"menu_order":0,"comment_status":"closed","ping_status":"closed","template":"page-templates\/register.php","meta":{"nf_dc_page":"","footnotes":""},"class_list":["post-1983","page","type-page","status-publish","hentry"],"_links":{"self":[{"href":"https:\/\/www.candlelightersinternational.org\/fr\/wp-json\/wp\/v2\/pages\/1983","targetHints":{"allow":["GET"]}}],"collection":[{"href":"https:\/\/www.candlelightersinternational.org\/fr\/wp-json\/wp\/v2\/pages"}],"about":[{"href":"https:\/\/www.candlelightersinternational.org\/fr\/wp-json\/wp\/v2\/types\/page"}],"author":[{"embeddable":true,"href":"https:\/\/www.candlelightersinternational.org\/fr\/wp-json\/wp\/v2\/users\/1"}],"replies":[{"embeddable":true,"href":"https:\/\/www.candlelightersinternational.org\/fr\/wp-json\/wp\/v2\/comments?post=1983"}],"version-history":[{"count":3,"href":"https:\/\/www.candlelightersinternational.org\/fr\/wp-json\/wp\/v2\/pages\/1983\/revisions"}],"predecessor-version":[{"id":3737,"href":"https:\/\/www.candlelightersinternational.org\/fr\/wp-json\/wp\/v2\/pages\/1983\/revisions\/3737"}],"wp:attachment":[{"href":"https:\/\/www.candlelightersinternational.org\/fr\/wp-json\/wp\/v2\/media?parent=1983"}],"curies":[{"name":"wp","href":"https:\/\/api.w.org\/{rel}","templated":true}]}}