{"id":1987,"date":"2021-05-27T07:56:19","date_gmt":"2021-05-27T07:56:19","guid":{"rendered":"https:\/\/www.candlelightersinternational.org\/abonnez-vous-a-la-newsletter\/"},"modified":"2025-07-19T07:30:47","modified_gmt":"2025-07-19T07:30:47","slug":"abonnez-vous-a-la-newsletter","status":"publish","type":"page","link":"https:\/\/www.candlelightersinternational.org\/fr\/abonnez-vous-a-la-newsletter\/","title":{"rendered":"Abonnez-vous \u00e0 la newsletter"},"content":{"rendered":"<h3><strong>Abonnement au<\/strong> bulletin d&#8217;information<\/h3>\n<p>Merci de l&#8217;int\u00e9r\u00eat que vous portez aux activit\u00e9s de Candlelighters International. Merci de vous \u00eatre inscrit \u00e0 notre Newsletter.<\/p>\n<p>Gr\u00e2ce \u00e0 notre Newsletter, nous vous tiendrons inform\u00e9s et inform\u00e9s des informations suivantes :<\/p>\n<ol>\n<li>Nos \u00e9v\u00e9nements \u00e0 venir, y compris des conf\u00e9rences, des formations, des ateliers, des s\u00e9minaires, des \u00e9tudes de groupe, etc.<\/li>\n<li>Nos activit\u00e9s communautaires locales pr\u00e8s de chez vous.<\/li>\n<li>Nos ressources nouvellement produites : vid\u00e9os, articles, publications et autres contenus spirituellement \u00e9difiants.<\/li>\n<li>Nos mises \u00e0 jour administratives vitales.<\/li>\n<\/ol>\n<p>Merci d&#8217;avoir rempli ce formulaire d&#8217;abonnement gratuit.<\/p>\n<p>[mailpoet_form id=&#8221;2&#8243;]<\/p>\n","protected":false},"excerpt":{"rendered":"<p>Abonnement au bulletin d&#8217;information Merci de l&#8217;int\u00e9r\u00eat que vous portez aux activit\u00e9s de Candlelighters International. Merci de vous \u00eatre inscrit \u00e0 notre Newsletter. Gr\u00e2ce \u00e0 notre Newsletter, nous vous tiendrons inform\u00e9s et inform\u00e9s des informations suivantes : Nos \u00e9v\u00e9nements \u00e0 venir, y compris des conf\u00e9rences, des formations, des ateliers, des s\u00e9minaires, des \u00e9tudes de groupe, [&hellip;]<\/p>\n","protected":false},"author":1,"featured_media":0,"parent":0,"menu_order":0,"comment_status":"closed","ping_status":"closed","template":"page-templates\/newsletter.php","meta":{"nf_dc_page":"","footnotes":""},"class_list":["post-1987","page","type-page","status-publish","hentry"],"_links":{"self":[{"href":"https:\/\/www.candlelightersinternational.org\/fr\/wp-json\/wp\/v2\/pages\/1987","targetHints":{"allow":["GET"]}}],"collection":[{"href":"https:\/\/www.candlelightersinternational.org\/fr\/wp-json\/wp\/v2\/pages"}],"about":[{"href":"https:\/\/www.candlelightersinternational.org\/fr\/wp-json\/wp\/v2\/types\/page"}],"author":[{"embeddable":true,"href":"https:\/\/www.candlelightersinternational.org\/fr\/wp-json\/wp\/v2\/users\/1"}],"replies":[{"embeddable":true,"href":"https:\/\/www.candlelightersinternational.org\/fr\/wp-json\/wp\/v2\/comments?post=1987"}],"version-history":[{"count":4,"href":"https:\/\/www.candlelightersinternational.org\/fr\/wp-json\/wp\/v2\/pages\/1987\/revisions"}],"predecessor-version":[{"id":4032,"href":"https:\/\/www.candlelightersinternational.org\/fr\/wp-json\/wp\/v2\/pages\/1987\/revisions\/4032"}],"wp:attachment":[{"href":"https:\/\/www.candlelightersinternational.org\/fr\/wp-json\/wp\/v2\/media?parent=1987"}],"curies":[{"name":"wp","href":"https:\/\/api.w.org\/{rel}","templated":true}]}}