{"id":3745,"date":"2025-05-25T09:16:27","date_gmt":"2025-05-25T09:16:27","guid":{"rendered":"https:\/\/www.candlelightersinternational.org\/a-propos-de-nous\/documents-corporatifs\/nos-brochures-sur-les-programmes\/"},"modified":"2025-07-14T12:49:16","modified_gmt":"2025-07-14T12:49:16","slug":"nos-brochures-sur-les-programmes","status":"publish","type":"page","link":"https:\/\/www.candlelightersinternational.org\/fr\/ce-que-nous-faisons\/documents-corporatifs\/nos-brochures-sur-les-programmes\/","title":{"rendered":"Nos brochures sur les programmes"},"content":{"rendered":"<h3><strong>Programme de services de conseil (CSP)<\/strong><\/h3>\n<p><img loading=\"lazy\" decoding=\"async\" class=\"alignnone wp-image-3142\" src=\"https:\/\/candlelightersinternational.org\/wp-content\/uploads\/2025\/05\/COUNSELING-SERVICES-PROGRAM-01.jpg\" alt=\"\" width=\"219\" height=\"310\"><a href=\"https:\/\/candlelightersinternational.org\/wp-content\/uploads\/2025\/05\/COUNSELING-SERVICES-PROGRAM-Compressed.pdf\" target=\"_blank\" rel=\"noopener\">Version anglaise<\/a> Version fran\u00e7aise Version allemande<\/p>\n<hr>\n<h3><strong>Services de renforcement de la famille (FSS)<\/strong><\/h3>\n<p><img loading=\"lazy\" decoding=\"async\" class=\"alignnone wp-image-3163\" src=\"https:\/\/candlelightersinternational.org\/wp-content\/uploads\/2025\/05\/Family-Strengthening-Services-_Cover-01-212x300.jpg\" alt=\"\" width=\"277\" height=\"392\">  <a href=\"https:\/\/candlelightersinternational.org\/wp-content\/uploads\/2025\/05\/Family-Strengthening-Services-Brochure-Compressed.pdf\" target=\"_blank\" rel=\"noopener\">Version anglaise<\/a> Version fran\u00e7aise Version allemande<\/p>\n<hr>\n<h3><strong>P\u00e9pini\u00e8re d&#8217;entreprises (BI)<\/strong><\/h3>\n<p><img loading=\"lazy\" decoding=\"async\" class=\"alignnone wp-image-3157\" src=\"https:\/\/candlelightersinternational.org\/wp-content\/uploads\/2025\/05\/Builders-Incubator-Flyer-01-212x300.jpg\" alt=\"\" width=\"277\" height=\"392\">    <a href=\"https:\/\/candlelightersinternational.org\/wp-content\/uploads\/2025\/05\/Builders-Incubator-Flyer-compressed.pdf\" target=\"_blank\" rel=\"noopener\">Version anglaise <\/a>Version fran\u00e7aise Version allemande<\/p>\n<hr>\n<h3><strong>Initiative Hand-In-Hand (HiHi)<\/strong><\/h3>\n<p><img loading=\"lazy\" decoding=\"async\" class=\"alignnone wp-image-3169\" src=\"https:\/\/candlelightersinternational.org\/wp-content\/uploads\/2025\/05\/Hand-in-Hand_Cover-01-212x300.jpg\" alt=\"\" width=\"277\" height=\"392\">   <a href=\"https:\/\/candlelightersinternational.org\/wp-content\/uploads\/2025\/05\/Hand-in-Hand-_Brochure-Compressed.pdf\" target=\"_blank\" rel=\"noopener\">Version anglaise<\/a> Version fran\u00e7aise Version allemande<\/p>\n<hr>\n<h3><strong>Initiative de la Maison des L\u00e9vites (LHI)<\/strong><\/h3>\n<p><img loading=\"lazy\" decoding=\"async\" class=\"alignnone wp-image-3175\" src=\"https:\/\/candlelightersinternational.org\/wp-content\/uploads\/2025\/05\/Levites-House-Initiative-Brochure-01-212x300.jpg\" alt=\"\" width=\"278\" height=\"393\">  <a href=\"https:\/\/candlelightersinternational.org\/wp-content\/uploads\/2025\/05\/Levites-House-Initiative-Brochure-Compressed.pdf\" target=\"_blank\" rel=\"noopener\"> Version anglaise <\/a>Version fran\u00e7aise Version allemande<\/p>\n<hr>\n<h3><strong>Initiative de revitalisation de la sant\u00e9 communautaire (IRSC)<\/strong><\/h3>\n<p><img loading=\"lazy\" decoding=\"async\" class=\"alignnone wp-image-3181\" src=\"https:\/\/candlelightersinternational.org\/wp-content\/uploads\/2025\/05\/Community-Health-Revitalization_Cover-01-212x300.jpg\" alt=\"\" width=\"277\" height=\"392\">   <a href=\"https:\/\/candlelightersinternational.org\/wp-content\/uploads\/2025\/05\/Community-Health-Revitalization-Brochure-compressed.pdf\" target=\"_blank\" rel=\"noopener\">Version anglaise <\/a>Version fran\u00e7aise Version allemande<\/p>\n","protected":false},"excerpt":{"rendered":"<p>Programme de services de conseil (CSP) Version anglaise Version fran\u00e7aise Version allemande Services de renforcement de la famille (FSS) Version anglaise Version fran\u00e7aise Version allemande P\u00e9pini\u00e8re d&#8217;entreprises (BI) Version anglaise Version fran\u00e7aise Version allemande Initiative Hand-In-Hand (HiHi) Version anglaise Version fran\u00e7aise Version allemande Initiative de la Maison des L\u00e9vites (LHI) Version anglaise Version fran\u00e7aise Version [&hellip;]<\/p>\n","protected":false},"author":1,"featured_media":0,"parent":1949,"menu_order":0,"comment_status":"closed","ping_status":"closed","template":"","meta":{"nf_dc_page":"","footnotes":""},"class_list":["post-3745","page","type-page","status-publish","hentry"],"_links":{"self":[{"href":"https:\/\/www.candlelightersinternational.org\/fr\/wp-json\/wp\/v2\/pages\/3745","targetHints":{"allow":["GET"]}}],"collection":[{"href":"https:\/\/www.candlelightersinternational.org\/fr\/wp-json\/wp\/v2\/pages"}],"about":[{"href":"https:\/\/www.candlelightersinternational.org\/fr\/wp-json\/wp\/v2\/types\/page"}],"author":[{"embeddable":true,"href":"https:\/\/www.candlelightersinternational.org\/fr\/wp-json\/wp\/v2\/users\/1"}],"replies":[{"embeddable":true,"href":"https:\/\/www.candlelightersinternational.org\/fr\/wp-json\/wp\/v2\/comments?post=3745"}],"version-history":[{"count":1,"href":"https:\/\/www.candlelightersinternational.org\/fr\/wp-json\/wp\/v2\/pages\/3745\/revisions"}],"predecessor-version":[{"id":3829,"href":"https:\/\/www.candlelightersinternational.org\/fr\/wp-json\/wp\/v2\/pages\/3745\/revisions\/3829"}],"up":[{"embeddable":true,"href":"https:\/\/www.candlelightersinternational.org\/fr\/wp-json\/wp\/v2\/pages\/1949"}],"wp:attachment":[{"href":"https:\/\/www.candlelightersinternational.org\/fr\/wp-json\/wp\/v2\/media?parent=3745"}],"curies":[{"name":"wp","href":"https:\/\/api.w.org\/{rel}","templated":true}]}}