{"id":3749,"date":"2025-05-28T10:55:34","date_gmt":"2025-05-28T10:55:34","guid":{"rendered":"https:\/\/www.candlelightersinternational.org\/ce-que-nous-faisons-2\/"},"modified":"2025-07-22T11:47:04","modified_gmt":"2025-07-22T11:47:04","slug":"ce-que-nous-faisons","status":"publish","type":"page","link":"https:\/\/www.candlelightersinternational.org\/fr\/ce-que-nous-faisons\/","title":{"rendered":"Ce que nous faisons"},"content":{"rendered":"<h1>Ce que nous faisons<\/h1>\n<img loading=\"lazy\" decoding=\"async\" class=\"size-full wp-image-147 alignleft\" src=\"https:\/\/candlelightersinternational.org\/wp-content\/uploads\/2019\/11\/about_thumb3.jpg\" alt=\"\" width=\"195\" height=\"171\" \/><img loading=\"lazy\" decoding=\"async\" class=\"size-medium wp-image-148 alignleft\" src=\"https:\/\/candlelightersinternational.org\/wp-content\/uploads\/2019\/11\/about_thumb1.jpg\" alt=\"\" width=\"195\" height=\"171\" \/><img loading=\"lazy\" decoding=\"async\" class=\"size-medium wp-image-149 alignleft\" src=\"https:\/\/candlelightersinternational.org\/wp-content\/uploads\/2019\/11\/about_thumb2.jpg\" alt=\"\" width=\"195\" height=\"171\" \/>\n<p>&nbsp;<\/p>\n<p>&nbsp;<\/p>\n<p>&nbsp;<\/p>\n<p>&nbsp;<\/p>\n<p>&nbsp;<\/p>\n<p><span style=\"color: #000000;\">Afin de remplir notre mandat et de relever les d\u00e9fis identifi\u00e9s qui entravent la promotion et l&#8217;impact de la vision biblique du monde dans nos soci\u00e9t\u00e9s, Candlelighters International d\u00e9veloppe et fournit des services qui permettront aux individus ainsi qu&#8217;aux institutions ou aux \u00e9glises d&#8217;\u00eatre efficaces et efficients dans la mise en \u0153uvre de la transformation n\u00e9cessaire dans leurs communaut\u00e9s locales.<\/span><\/p>\n<h3><a href=\"https:\/\/www.candlelightersinternational.org\/fr\/services-strategiques\/\">Nos services strat\u00e9giques<\/a><\/h3>\n<img loading=\"lazy\" decoding=\"async\" class=\" wp-image-3273 aligncenter\" src=\"https:\/\/candlelightersinternational.org\/wp-content\/uploads\/2025\/05\/Page-13_CI-AT-A-GANCE300-300x273.png\" alt=\"\" width=\"526\" height=\"479\" \/>\n<p style=\"text-align: center;\">Cliquez ici pour la traduction fran\u00e7aise et allemande du diagramme<\/p>\n<p>&nbsp;<\/p>\n<h3><span style=\"color: #3366ff;\">Notre r\u00f4le &#8211; Ce qui rend Candlelighters International unique<\/span><\/h3>\n<ol>\n<li><span style=\"color: #000000;\">Exploiter la puissance explosive de nos ressources combin\u00e9es.<\/span><\/li>\n<li><span style=\"color: #000000;\">L&#8217;objectif est d&#8217;aider les chr\u00e9tiens \u00e0 identifier et \u00e0 r\u00e9pondre \u00e0 l&#8217;appel de Dieu.<\/span><\/li>\n<li><span style=\"color: #000000;\">\u00c9vang\u00e9liste avec un manteau apostolique.<\/span><\/li>\n<li><span style=\"color: #000000;\">Plate-forme de prestation de services int\u00e9gr\u00e9s.<\/span><\/li>\n<li><span style=\"color: #000000;\">D\u00e9veloppement de r\u00e9seaux d&#8217;experts.<\/span><\/li>\n<li><span style=\"color: #000000;\">La construction de ponts entre les g\u00e9n\u00e9rations.<\/span><\/li>\n<li><span style=\"color: #000000;\">L&#8217;accent est mis sur le d\u00e9veloppement du minist\u00e8re de la communaut\u00e9 locale.<\/span><\/li>\n<\/ol>\n<p>&nbsp;<\/p>\n<img loading=\"lazy\" decoding=\"async\" class=\" wp-image-3285 aligncenter\" src=\"https:\/\/candlelightersinternational.org\/wp-content\/uploads\/2025\/05\/Page-10-Image-_What-makes-CI-unique300-300x198.png\" alt=\"\" width=\"527\" height=\"348\" \/>\n<p style=\"text-align: center;\">Cliquez ici pour la traduction fran\u00e7aise et allemande du diagramme<\/p>\n","protected":false},"excerpt":{"rendered":"<p>Ce que nous faisons &nbsp; &nbsp; &nbsp; &nbsp; &nbsp; Afin de remplir notre mandat et de relever les d\u00e9fis identifi\u00e9s qui entravent la promotion et l&#8217;impact de la vision biblique du monde dans nos soci\u00e9t\u00e9s, Candlelighters International d\u00e9veloppe et fournit des services qui permettront aux individus ainsi qu&#8217;aux institutions ou aux \u00e9glises d&#8217;\u00eatre efficaces et [&hellip;]<\/p>\n","protected":false},"author":10,"featured_media":0,"parent":0,"menu_order":0,"comment_status":"closed","ping_status":"closed","template":"","meta":{"nf_dc_page":"","footnotes":""},"class_list":["post-3749","page","type-page","status-publish","hentry"],"_links":{"self":[{"href":"https:\/\/www.candlelightersinternational.org\/fr\/wp-json\/wp\/v2\/pages\/3749","targetHints":{"allow":["GET"]}}],"collection":[{"href":"https:\/\/www.candlelightersinternational.org\/fr\/wp-json\/wp\/v2\/pages"}],"about":[{"href":"https:\/\/www.candlelightersinternational.org\/fr\/wp-json\/wp\/v2\/types\/page"}],"author":[{"embeddable":true,"href":"https:\/\/www.candlelightersinternational.org\/fr\/wp-json\/wp\/v2\/users\/10"}],"replies":[{"embeddable":true,"href":"https:\/\/www.candlelightersinternational.org\/fr\/wp-json\/wp\/v2\/comments?post=3749"}],"version-history":[{"count":4,"href":"https:\/\/www.candlelightersinternational.org\/fr\/wp-json\/wp\/v2\/pages\/3749\/revisions"}],"predecessor-version":[{"id":4124,"href":"https:\/\/www.candlelightersinternational.org\/fr\/wp-json\/wp\/v2\/pages\/3749\/revisions\/4124"}],"wp:attachment":[{"href":"https:\/\/www.candlelightersinternational.org\/fr\/wp-json\/wp\/v2\/media?parent=3749"}],"curies":[{"name":"wp","href":"https:\/\/api.w.org\/{rel}","templated":true}]}}