{"id":3761,"date":"2025-04-19T07:07:13","date_gmt":"2025-04-19T07:07:13","guid":{"rendered":"https:\/\/www.candlelightersinternational.org\/services-du-ministere-de-la-priere\/"},"modified":"2025-07-16T08:43:09","modified_gmt":"2025-07-16T08:43:09","slug":"services-du-ministere-de-la-priere","status":"publish","type":"page","link":"https:\/\/www.candlelightersinternational.org\/fr\/services-du-ministere-de-la-priere\/","title":{"rendered":"Services du minist\u00e8re de la pri\u00e8re"},"content":{"rendered":"<h1><strong>Services du minist\u00e8re de la<\/strong> pri\u00e8re<\/h1>\n<p><span style=\"color: #000000;\">Tabernacle Flames Services (TFS) est le minist\u00e8re de pri\u00e8re de Candlelighters International. Il se compose de 3 services de pri\u00e8re principaux, \u00e0 savoir <\/span><\/p>\n<ol>\n<li style=\"list-style-type: none;\">\n<ol>\n<li><strong>Services de la salle de pri\u00e8re : <\/strong><span style=\"color: #000000;\">Le service direct qui r\u00e9pond aux demandes de pri\u00e8re.<\/span><\/li>\n<li><strong>Forum d&#8217;intercession :<\/strong> <span style=\"color: #000000;\">L&#8217;initiative qui g\u00e8re et permet l&#8217;\u00e9change entre les intercesseurs.<\/span><\/li>\n<li><strong>Ressources de la salle de pri\u00e8re :<\/strong> <span style=\"color: #000000;\">Fournir des ressources pour le renforcement de la pri\u00e8re aux demandeurs et aux intercesseurs.<\/span><\/li>\n<\/ol>\n<\/li>\n<\/ol>\n<p><span style=\"color: #445a9c;\"><strong>Les objectifs de TFS sont les suivants <\/strong><\/span><\/p>\n<ol>\n<li style=\"list-style-type: none;\">\n<ol>\n<li><span style=\"color: #000000;\">Encourager les gens \u00e0 prier davantage et \u00e0 demander plus souvent un soutien par la pri\u00e8re.<\/span><\/li>\n<li><span style=\"color: #000000;\">D\u00e9velopper et promouvoir des opportunit\u00e9s pour que les gens s&#8217;impliquent de plus en plus dans la pri\u00e8re et l&#8217;intercession.<\/span><\/li>\n<li><span style=\"color: #000000;\">Fournir aux intercesseurs et aux demandeurs de pri\u00e8re des ressources sur la pri\u00e8re fond\u00e9es sur la Bible.<\/span><\/li>\n<\/ol>\n<\/li>\n<\/ol>\n<p><span style=\"color: #000000;\">Les Services de la Flamme du Tabernacle s&#8217;efforcent de souligner l&#8217;importance et le but de la pri\u00e8re en ce qui concerne la fid\u00e9lit\u00e9 de Dieu, telle qu&#8217;elle est refl\u00e9t\u00e9e dans Matthieu 7:7 &#8211; 8 (KJV) :<\/span><\/p>\n<p style=\"text-align: center;\"><span style=\"color: #bd9b37;\"><em>&#8220;Demandez, et l&#8217;on vous donnera ; cherchez, et vous trouverez ; frappez, et l&#8217;on vous ouvrira la porte. Car quiconque demande re\u00e7oit, quiconque cherche trouve, et pour quiconque frappe, la porte s&#8217;ouvre.<\/em><\/span><\/p>\n","protected":false},"excerpt":{"rendered":"<p>Services du minist\u00e8re de la pri\u00e8re Tabernacle Flames Services (TFS) est le minist\u00e8re de pri\u00e8re de Candlelighters International. Il se compose de 3 services de pri\u00e8re principaux, \u00e0 savoir Services de la salle de pri\u00e8re : Le service direct qui r\u00e9pond aux demandes de pri\u00e8re. Forum d&#8217;intercession : L&#8217;initiative qui g\u00e8re et permet l&#8217;\u00e9change entre [&hellip;]<\/p>\n","protected":false},"author":10,"featured_media":0,"parent":0,"menu_order":0,"comment_status":"closed","ping_status":"closed","template":"page-templates\/prayer-ministry.php","meta":{"nf_dc_page":"","footnotes":""},"class_list":["post-3761","page","type-page","status-publish","hentry"],"_links":{"self":[{"href":"https:\/\/www.candlelightersinternational.org\/fr\/wp-json\/wp\/v2\/pages\/3761","targetHints":{"allow":["GET"]}}],"collection":[{"href":"https:\/\/www.candlelightersinternational.org\/fr\/wp-json\/wp\/v2\/pages"}],"about":[{"href":"https:\/\/www.candlelightersinternational.org\/fr\/wp-json\/wp\/v2\/types\/page"}],"author":[{"embeddable":true,"href":"https:\/\/www.candlelightersinternational.org\/fr\/wp-json\/wp\/v2\/users\/10"}],"replies":[{"embeddable":true,"href":"https:\/\/www.candlelightersinternational.org\/fr\/wp-json\/wp\/v2\/comments?post=3761"}],"version-history":[{"count":3,"href":"https:\/\/www.candlelightersinternational.org\/fr\/wp-json\/wp\/v2\/pages\/3761\/revisions"}],"predecessor-version":[{"id":3956,"href":"https:\/\/www.candlelightersinternational.org\/fr\/wp-json\/wp\/v2\/pages\/3761\/revisions\/3956"}],"wp:attachment":[{"href":"https:\/\/www.candlelightersinternational.org\/fr\/wp-json\/wp\/v2\/media?parent=3761"}],"curies":[{"name":"wp","href":"https:\/\/api.w.org\/{rel}","templated":true}]}}