{"id":3814,"date":"2025-03-04T06:18:39","date_gmt":"2025-03-04T06:18:39","guid":{"rendered":"https:\/\/www.candlelightersinternational.org\/politique-de-confidentialite\/"},"modified":"2025-07-14T12:49:24","modified_gmt":"2025-07-14T12:49:24","slug":"politique-de-confidentialite","status":"publish","type":"page","link":"https:\/\/www.candlelightersinternational.org\/fr\/politique-de-confidentialite\/","title":{"rendered":"Politique de confidentialit\u00e9"},"content":{"rendered":"<h3>A. Introduction<\/h3>\n<p>Cet avis de confidentialit\u00e9 destin\u00e9 aux visiteurs de notre site web est tr\u00e8s important pour nous et nous nous engageons \u00e0 le prot\u00e9ger. L&#8217;avis de confidentialit\u00e9 explique comment Candlelighters International recueille, utilise, partage et traite vos donn\u00e9es personnelles collect\u00e9es sur notre site web et en relation avec nos blogs, nos alertes clients et autres services de communication (les &#8221; Services &#8220;). Le traitement des donn\u00e9es personnelles dans le cadre des relations avec les clients est abord\u00e9 dans les contrats d&#8217;engagement conclus entre Candlelighters International et nos clients.  <\/p>\n<p>Nous pouvons fournir des avis de confidentialit\u00e9 suppl\u00e9mentaires \u00e0 des occasions sp\u00e9cifiques lorsque nous collectons ou traitons des donn\u00e9es \u00e0 caract\u00e8re personnel vous concernant. Ces avis compl\u00e9mentaires doivent \u00eatre lus conjointement avec le pr\u00e9sent avis de confidentialit\u00e9. Si vous consentez \u00e0 ce que nous utilisions des cookies conform\u00e9ment aux conditions de la pr\u00e9sente politique lors de votre premi\u00e8re visite sur notre site web, nous pourrons utiliser des cookies \u00e0 chaque fois que vous visiterez notre site web.  <\/p>\n<h3>B. Informations que nous recueillons \u00e0 votre sujet<\/h3>\n<p>Notre syst\u00e8me peut recueillir aupr\u00e8s de vous des informations que nous pouvons utiliser pour comprendre votre activit\u00e9 sur nos services, ainsi que des communications par courrier \u00e9lectronique. Vous pouvez choisir de nous fournir des informations directement par le biais de diverses sections de nos services, et les types d&#8217;informations personnelles suivants peuvent \u00eatre collect\u00e9s, stock\u00e9s et utilis\u00e9s : <\/p>\n<ol>\n<li>Des informations sur votre ordinateur, notamment votre adresse IP, votre localisation g\u00e9ographique, le type et la version de votre navigateur et votre syst\u00e8me d&#8217;exploitation ;<\/li>\n<li>Des informations sur vos visites et votre utilisation de ce site web, y compris la source de r\u00e9f\u00e9rence, la dur\u00e9e de la visite, les pages consult\u00e9es et les chemins de navigation du site web ;<\/li>\n<li>Les informations, telles que votre adresse \u00e9lectronique, que vous saisissez lorsque vous vous inscrivez sur notre site web ;<\/li>\n<li>Les informations que vous saisissez lorsque vous cr\u00e9ez un profil sur notre site web &#8211; par exemple, votre nom, vos photos de profil, votre sexe, votre date d&#8217;anniversaire, votre statut relationnel, vos centres d&#8217;int\u00e9r\u00eat et vos passe-temps, votre formation et votre emploi ;<\/li>\n<li>Les informations, telles que votre nom et votre adresse \u00e9lectronique, que vous saisissez pour vous abonner \u00e0 nos courriels et\/ou bulletins d&#8217;information ;<\/li>\n<li>Les informations que vous saisissez lors de l&#8217;utilisation des services de notre site web ;<\/li>\n<li>Les informations g\u00e9n\u00e9r\u00e9es lors de l&#8217;utilisation de notre site web, y compris le moment, la fr\u00e9quence et les circonstances dans lesquelles vous l&#8217;utilisez ;<\/li>\n<li>Les informations relatives \u00e0 vos achats, aux services que vous utilisez ou aux transactions que vous effectuez sur notre site web, notamment votre nom, votre adresse, votre num\u00e9ro de t\u00e9l\u00e9phone, votre adresse \u00e9lectronique et les d\u00e9tails de votre carte de cr\u00e9dit ;<\/li>\n<li>Les informations que vous publiez sur notre site web dans l&#8217;intention de les publier sur l&#8217;internet, ce qui inclut votre nom d&#8217;utilisateur, vos photos de profil et le contenu de vos messages ;<\/li>\n<li>les informations contenues dans les communications que vous nous envoyez par courrier \u00e9lectronique ou par l&#8217;interm\u00e9diaire de notre site web, y compris le contenu de la communication et les m\u00e9tadonn\u00e9es ;<\/li>\n<li>Toute autre information personnelle que vous nous envoyez.<\/li>\n<\/ol>\n<p>Avant de nous divulguer les informations personnelles d&#8217;une autre personne, vous devez obtenir le consentement de cette personne \u00e0 la fois pour la divulgation et le traitement de ces informations personnelles conform\u00e9ment \u00e0 cet avis de politique.<\/p>\n<h3>C. Comment et pourquoi nous utilisons vos informations<\/h3>\n<p>Nous pouvons utiliser les informations personnelles que vous nous avez fournies pour les raisons suivantes :<\/p>\n<ol>\n<li>Administrer notre site web et nos activit\u00e9s ;<\/li>\n<li>Personnaliser notre site web pour vous ;<\/li>\n<li>vous permettre d&#8217;utiliser les services disponibles sur notre site web ;<\/li>\n<li>vous envoyer des marchandises achet\u00e9es sur notre site web ;<\/li>\n<li>Fournir des services achet\u00e9s sur notre site web ;<\/li>\n<li>L&#8217;envoi de relev\u00e9s, de factures et de rappels de paiement et la collecte de paiements aupr\u00e8s de vous ;<\/li>\n<li>Effectuer des analyses afin d&#8217;am\u00e9liorer ce site web et nos services, ainsi qu&#8217;\u00e0 d&#8217;autres fins de recherche ;<\/li>\n<li>vous envoyer des notifications par courrier \u00e9lectronique si vous en avez fait la demande expresse ;<\/li>\n<li>L&#8217;envoi de notre bulletin d&#8217;information par courrier \u00e9lectronique, si vous l&#8217;avez demand\u00e9 (vous pouvez nous informer \u00e0 tout moment si vous ne souhaitez plus recevoir le bulletin d&#8217;information) ;<\/li>\n<li>Vous envoyer des communications marketing relatives \u00e0 nos activit\u00e9s ou aux activit\u00e9s de tiers soigneusement s\u00e9lectionn\u00e9s qui, selon nous, peuvent vous int\u00e9resser, par courrier ou, si vous y avez sp\u00e9cifiquement consenti, par courrier \u00e9lectronique ou technologie similaire (vous pouvez nous informer \u00e0 tout moment que vous ne souhaitez plus recevoir de communications marketing) ;<\/li>\n<li>Fournir \u00e0 des tiers des informations statistiques sur nos utilisateurs (mais ces tiers ne pourront pas identifier un utilisateur individuel \u00e0 partir de ces informations) ;<\/li>\n<li>traiter les demandes de renseignements et les plaintes formul\u00e9es par vous ou \u00e0 votre sujet concernant notre site web ;<\/li>\n<li>Assurer la s\u00e9curit\u00e9 de notre site web et pr\u00e9venir la fraude ;<\/li>\n<li>v\u00e9rifier le respect des conditions g\u00e9n\u00e9rales r\u00e9gissant l&#8217;utilisation de notre site web (y compris le contr\u00f4le des messages priv\u00e9s envoy\u00e9s par l&#8217;interm\u00e9diaire du service de messagerie priv\u00e9e de notre site web) ; et<\/li>\n<li>Autres utilisations<\/li>\n<\/ol>\n<p>Veuillez noter que, si vous soumettez des informations personnelles pour publication sur notre site web, nous publierons et utiliserons ces informations conform\u00e9ment \u00e0 la licence que vous nous accordez.<\/p>\n<p>Vos param\u00e8tres de confidentialit\u00e9 peuvent \u00eatre utilis\u00e9s pour limiter la publication de vos informations sur notre site web et peuvent \u00eatre ajust\u00e9s \u00e0 l&#8217;aide des contr\u00f4les de confidentialit\u00e9 sur le site web.<\/p>\n<p>Nous ne fournirons pas, sans votre consentement explicite, vos informations personnelles \u00e0 un tiers pour son marketing direct ou celui d&#8217;un autre tiers.<\/p>\n<h3>D. Divulgation de vos informations personnelles<\/h3>\n<p>Nous pouvons divulguer vos informations personnelles \u00e0 l&#8217;un de nos employ\u00e9s, dirigeants, assureurs, conseillers professionnels, agents ou sous-traitants dans la mesure o\u00f9 cela est raisonnablement n\u00e9cessaire aux fins \u00e9nonc\u00e9es dans la pr\u00e9sente politique. Il peut \u00e9galement s&#8217;agir d&#8217;entit\u00e9s qui nous fournissent des services, y compris des entit\u00e9s qui fournissent des services d&#8217;analyse du web, de publicit\u00e9, de distribution d&#8217;e-mails et autres. Ces entit\u00e9s sont limit\u00e9es dans leur capacit\u00e9 \u00e0 utiliser vos informations pour<br \/>\n\u00e0 des fins autres que la fourniture de services pour nous.  <\/p>\n<p>Nous pouvons divulguer vos informations personnelles \u00e0 tout membre de nos partenaires affili\u00e9s dans la mesure o\u00f9 cela est raisonnablement n\u00e9cessaire aux fins \u00e9nonc\u00e9es dans la pr\u00e9sente politique.<\/p>\n<p>Nous pouvons divulguer vos informations personnelles :<\/p>\n<ol>\n<li>Dans la mesure o\u00f9 la loi nous y oblige ;<\/li>\n<li>dans le cadre de toute proc\u00e9dure judiciaire en cours ou \u00e0 venir ;<\/li>\n<li>afin d&#8217;\u00e9tablir, d&#8217;exercer ou de d\u00e9fendre nos droits l\u00e9gaux (y compris la fourniture d&#8217;informations \u00e0 des tiers \u00e0 des fins de pr\u00e9vention de la fraude et de r\u00e9duction du risque de cr\u00e9dit) ;<\/li>\n<li>\u00e0 l&#8217;acheteur (ou \u00e0 l&#8217;acheteur potentiel) d&#8217;une entreprise ou d&#8217;un actif que nous vendons (ou envisageons de vendre) ; et  <\/li>\n<li>\u00e0 d&#8217;autres tiers lorsque vous consentez \u00e0 un tel partage.<\/li>\n<\/ol>\n<h3>E. Contenu, fonctionnalit\u00e9s et services de tiers<\/h3>\n<p>Certains contenus, fonctionnalit\u00e9s et services peuvent \u00eatre fournis par des tiers qui ne sont pas affili\u00e9s \u00e0 Candlelighters International. Par exemple, sur nos blogs, nous vous permettons de partager certains documents du site Web avec d&#8217;autres personnes par le biais de services tels que Facebook et Twitter. Ces tiers peuvent collecter ou recevoir certaines informations sur votre utilisation des services, notamment par le biais de cookies, de balises web et de technologies similaires. Ces entit\u00e9s peuvent collecter ces informations au fil du temps et les combiner avec des informations collect\u00e9es sur diff\u00e9rents sites web et services en ligne. Nous ne sommes pas responsables des pratiques de ces entit\u00e9s en mati\u00e8re de protection de la vie priv\u00e9e.    <\/p>\n<h3>F. Contenu int\u00e9gr\u00e9 d&#8217;autres sites web<\/h3>\n<p>Les articles de ce site web peuvent contenir du contenu int\u00e9gr\u00e9 (par exemple des vid\u00e9os, des images, des articles, etc.). Le contenu int\u00e9gr\u00e9 provenant d&#8217;autres sites web se comporte exactement de la m\u00eame mani\u00e8re que si le visiteur avait visit\u00e9 l&#8217;autre site web. <\/p>\n<p>Ces sites web peuvent collecter des donn\u00e9es vous concernant, utiliser des cookies, int\u00e9grer un suivi suppl\u00e9mentaire par des tiers et contr\u00f4ler votre interaction avec ce contenu int\u00e9gr\u00e9, y compris tracer votre interaction avec le contenu int\u00e9gr\u00e9 si vous avez un compte et que vous \u00eates connect\u00e9 \u00e0 ce site web.<\/p>\n<h3>G. M\u00e9dias<\/h3>\n<p>Si vous t\u00e9l\u00e9chargez des images sur le site web, vous devez \u00e9viter de t\u00e9l\u00e9charger des images contenant des donn\u00e9es de localisation int\u00e9gr\u00e9es (EXIF GPS). Les visiteurs du site web peuvent t\u00e9l\u00e9charger et extraire toutes les donn\u00e9es de localisation des images sur le site web. <\/p>\n<h3>H. Transferts internationaux de donn\u00e9es<\/h3>\n<ol>\n<li>Les informations que nous recueillons peuvent \u00eatre stock\u00e9es, trait\u00e9es et transf\u00e9r\u00e9es entre les pays dans lesquels nous op\u00e9rons afin de nous permettre d&#8217;utiliser les informations conform\u00e9ment \u00e0 la pr\u00e9sente politique.<\/li>\n<li>Les informations que nous collectons peuvent \u00eatre transf\u00e9r\u00e9es vers les pays suivants qui ne disposent pas de lois sur la protection des donn\u00e9es \u00e9quivalentes \u00e0 celles en vigueur dans l&#8217;Espace \u00e9conomique europ\u00e9en : les \u00c9tats-Unis d&#8217;Am\u00e9rique, la Russie, le Japon, la Chine et l&#8217;Inde.<\/li>\n<li>Les informations personnelles que vous publiez sur notre site web ou que vous soumettez pour publication sur notre site web peuvent \u00eatre disponibles, via l&#8217;internet, dans le monde entier. Nous ne pouvons pas emp\u00eacher l&#8217;utilisation ou l&#8217;abus de ces informations par d&#8217;autres. <\/li>\n<li>Vous acceptez express\u00e9ment les transferts d&#8217;informations personnelles d\u00e9crits dans la pr\u00e9sente section&#8230;<\/li>\n<\/ol>\n<h3>I. Dur\u00e9e de conservation de vos donn\u00e9es personnelles <\/h3>\n<p>Cette section d\u00e9crit notre politique et nos proc\u00e9dures de conservation et de suppression des informations personnelles, qui sont con\u00e7ues pour garantir que nous nous conformons \u00e0 nos obligations l\u00e9gales.<\/p>\n<p>Les dispositions suivantes s&#8217;appliquent :<\/p>\n<ol>\n<li>Si vous \u00eates client, vos donn\u00e9es personnelles sont conserv\u00e9es pendant 7 ans. Cela nous permet de vous reconna\u00eetre et de vous fournir une assistance de qualit\u00e9 lorsque vous nous contactez. <\/li>\n<li>Si vous laissez un commentaire, celui-ci et ses m\u00e9tadonn\u00e9es sont conserv\u00e9s ind\u00e9finiment. Cela nous permet de reconna\u00eetre et d&#8217;approuver automatiquement les commentaires de suivi au lieu de les conserver dans une file d&#8217;attente de mod\u00e9ration. <\/li>\n<li>Pour les utilisateurs qui s&#8217;inscrivent sur notre site web, nous stockons \u00e9galement les informations personnelles qu&#8217;ils fournissent dans leur profil d&#8217;utilisateur. Tous les utilisateurs peuvent voir, modifier ou supprimer leurs informations personnelles \u00e0 tout moment (sauf qu&#8217;ils ne peuvent pas changer leur nom d&#8217;utilisateur). Les administrateurs du site web peuvent \u00e9galement consulter et modifier ces informations.  <\/li>\n<li>Les informations personnelles que nous traitons pour une ou plusieurs finalit\u00e9s ne seront pas conserv\u00e9es plus longtemps qu&#8217;il n&#8217;est n\u00e9cessaire pour cette ou ces finalit\u00e9s.<\/li>\n<li>Nonobstant les autres dispositions du pr\u00e9sent document, nous conserverons les documents (y compris les documents \u00e9lectroniques) contenant des donn\u00e9es \u00e0 caract\u00e8re personnel :<br \/>\n             &nbsp;<br \/>\n  a. dans la mesure o\u00f9 la loi nous y oblige ;<br \/>\n b. si nous pensons que les documents peuvent \u00eatre pertinents dans le cadre d&#8217;une proc\u00e9dure judiciaire en cours ou \u00e0 venir ; et<br \/>\n c. afin d&#8217;\u00e9tablir, d&#8217;exercer ou de d\u00e9fendre nos droits l\u00e9gaux (y compris la fourniture d&#8217;informations \u00e0 des tiers \u00e0 des fins de pr\u00e9vention de la fraude et de r\u00e9duction du risque de cr\u00e9dit).\n        <\/li>\n<\/ol>\n<h3>J. S\u00e9curit\u00e9 de vos donn\u00e9es personnelles<\/h3>\n<ol>\n<li>Nous prendrons des pr\u00e9cautions techniques et organisationnelles raisonnables pour emp\u00eacher la perte, l&#8217;utilisation abusive ou l&#8217;alt\u00e9ration de vos informations personnelles.<\/li>\n<li>Nous stockons toutes les informations personnelles que vous fournissez sur nos serveurs s\u00e9curis\u00e9s (prot\u00e9g\u00e9s par un mot de passe et un pare-feu).<\/li>\n<li>Toutes les transactions financi\u00e8res \u00e9lectroniques effectu\u00e9es par l&#8217;interm\u00e9diaire de notre site web sont prot\u00e9g\u00e9es par une technologie de cryptage.<\/li>\n<li>Vous reconnaissez que la transmission d&#8217;informations sur l&#8217;internet est intrins\u00e8quement peu s\u00fbre et que nous ne pouvons pas garantir la s\u00e9curit\u00e9 des donn\u00e9es envoy\u00e9es sur l&#8217;internet.<\/li>\n<li>Vous \u00eates responsable de la confidentialit\u00e9 du mot de passe que vous utilisez pour acc\u00e9der \u00e0 notre site web ; nous ne vous demanderons pas votre mot de passe (sauf lorsque vous vous connectez \u00e0 notre site web).  <\/li>\n<\/ol>\n<h3>K. Votre droit de contr\u00f4ler les informations personnelles que vous nous communiquez<\/h3>\n<p>Vous pouvez choisir de restreindre la collecte ou l&#8217;utilisation de vos informations personnelles de la mani\u00e8re suivante :<\/p>\n<ul>\n<li>chaque fois qu&#8217;il vous est demand\u00e9 de remplir un formulaire sur ce site web, recherchez la case que vous pouvez cliquer pour indiquer que vous ne souhaitez pas que les informations soient utilis\u00e9es par qui que ce soit \u00e0 des fins de marketing direct.<\/li>\n<li>si vous avez d\u00e9j\u00e0 accept\u00e9 que nous utilisions vos informations personnelles \u00e0 des fins de marketing direct, vous pouvez changer d&#8217;avis \u00e0 tout moment en nous \u00e9crivant ou en nous envoyant un courrier \u00e9lectronique \u00e0 l&#8217;adresse suivante <a href=\"mailto:info@candlelightersinternational.org\">: info@candlelightersinternational.org.<\/a><\/li>\n<\/ul>\n<p>Vous pouvez demander \u00e0 tout moment des d\u00e9tails sur les informations personnelles que nous d\u00e9tenons \u00e0 votre sujet. Une somme modique vous sera demand\u00e9e. Si vous souhaitez obtenir une copie des informations d\u00e9tenues \u00e0 votre sujet, veuillez \u00e9crire \u00e0 <a href=\"mailto:info@candlelightersinternational.org\">info@candlelightersinternational.org<\/a>.  <\/p>\n<p>Si vous pensez que les informations que nous d\u00e9tenons sur vous sont incorrectes ou incompl\u00e8tes, veuillez nous \u00e9crire par courrier \u00e9lectronique dans les plus brefs d\u00e9lais \u00e0 l&#8217;adresse ci-dessus. Nous corrigerons rapidement toute information jug\u00e9e incorrecte. <\/p>\n<p>Nous pouvons ne pas divulguer les informations personnelles que vous demandez dans la mesure o\u00f9 la loi le permet.<\/p>\n<h3>L. Cookies, pixels invisibles et autres technologies similaires<\/h3>\n<p>Nous &#8211; ainsi que certains tiers qui fournissent du contenu, des fonctionnalit\u00e9s ou des services sur notre site web &#8211; utilisons une vari\u00e9t\u00e9 de technologies pour en savoir plus sur la fa\u00e7on dont les gens utilisent ce site web. La pr\u00e9sente section fournit de plus amples informations sur certaines de ces technologies et sur leur fonctionnement. <\/p>\n<p>Un cookie est un fichier contenant un identifiant (une cha\u00eene de lettres et de chiffres) qui est envoy\u00e9 par un serveur web \u00e0 un navigateur web et qui est stock\u00e9 par le navigateur. L&#8217;identifiant est ensuite renvoy\u00e9 au serveur chaque fois que le navigateur demande une page au serveur. Les cookies peuvent \u00eatre des cookies &#8220;persistants&#8221; ou des cookies &#8220;de session&#8221; : un cookie persistant est stock\u00e9 par un navigateur web et reste valide jusqu&#8217;\u00e0 la date d&#8217;expiration fix\u00e9e, sauf si<br \/>\nest supprim\u00e9 par l&#8217;utilisateur avant la date d&#8217;expiration ; un cookie de session, en revanche, expire \u00e0 la fin de la session de l&#8217;utilisateur, lorsque le navigateur web est ferm\u00e9. Les cookies ne contiennent g\u00e9n\u00e9ralement pas d&#8217;informations permettant d&#8217;identifier personnellement un utilisateur, mais les informations personnelles que nous stockons \u00e0 votre sujet peuvent \u00eatre li\u00e9es aux informations stock\u00e9es dans les cookies et obtenues \u00e0 partir de ceux-ci. En fonction des services que nous proposons, nous pouvons utiliser uniquement des cookies de session, uniquement des cookies persistants ou \u00e0 la fois des cookies de session et des cookies persistants sur notre site web.    <\/p>\n<ol>\n<li>Les noms des cookies que nous utilisons sur notre site web et les raisons pour lesquelles ils sont utilis\u00e9s sont indiqu\u00e9s ci-dessous :<br \/>\n             &nbsp;<br \/>\n  a. nous utilisons Google Analytics et Adwords sur notre site web pour reconna\u00eetre un ordinateur lorsqu&#8217;un utilisateur visite le site web \/ suivre les utilisateurs lorsqu&#8217;ils naviguent sur le site web \/ permettre l&#8217;utilisation d&#8217;un panier d&#8217;achat sur le site web \/ am\u00e9liorer la convivialit\u00e9 du site web \/ analyser l&#8217;utilisation du site web \/<br \/>\nadministrer le site web \/ pr\u00e9venir la fraude et am\u00e9liorer la s\u00e9curit\u00e9 du site web \/ Candlelighters International Page 6 of 6 Privacy Policy<br \/>\npersonnaliser le site web pour chaque utilisateur \/ cibler les publicit\u00e9s qui peuvent \u00eatre d&#8217;un int\u00e9r\u00eat particulier pour des utilisateurs sp\u00e9cifiques \/ d\u00e9crivez le(s) but(s) ;\n        <\/li>\n<li>La plupart des navigateurs vous permettent de refuser les cookies, par exemple :<br \/>\n             &nbsp;<br \/>\n  a. dans Internet Explorer (version 10), vous pouvez bloquer les cookies en utilisant les param\u00e8tres de gestion des cookies disponibles en cliquant sur &#8220;Outils&#8221;, &#8220;Options Internet&#8221;, &#8220;Confidentialit\u00e9&#8221;, puis &#8220;Avanc\u00e9&#8221; ;<br \/>\n b. dans Firefox (version 24), vous pouvez bloquer tous les cookies en cliquant sur &#8220;Outils&#8221;, &#8220;Options&#8221;, &#8220;Confidentialit\u00e9&#8221;, en s\u00e9lectionnant &#8220;Utiliser les param\u00e8tres personnalis\u00e9s pour l&#8217;historique&#8221; dans le menu d\u00e9roulant, et en d\u00e9cochant &#8220;Accepter les cookies des sites&#8221; ; et<br \/>\n c. dans Chrome (version 29), vous pouvez bloquer tous les cookies en acc\u00e9dant au menu &#8220;Personnaliser et contr\u00f4ler&#8221; et en cliquant sur &#8220;Param\u00e8tres&#8221;, &#8220;Afficher les param\u00e8tres avanc\u00e9s&#8221; et &#8220;Param\u00e8tres de contenu&#8221;, puis en s\u00e9lectionnant &#8220;Emp\u00eacher les sites de d\u00e9finir des donn\u00e9es&#8221; sous la rubrique &#8220;Cookies&#8221;.\n        <\/li>\n<p>  Le blocage de tous les cookies aura un impact n\u00e9gatif sur la facilit\u00e9 d&#8217;utilisation de nombreux sites web. Si vous bloquez les cookies, vous ne pourrez pas utiliser toutes les fonctionnalit\u00e9s de notre site web. <\/p>\n<li>Vous pouvez supprimer les cookies d\u00e9j\u00e0 stock\u00e9s sur votre ordinateur, par exemple :<br \/>\n             &nbsp;<br \/>\n  a. dans Internet Explorer (version 10), vous devez supprimer manuellement les fichiers de cookies (vous trouverez les instructions<br \/>\n\u00e0 l&#8217;<a href=\"http:\/\/support.microsoft.com\/kb\/278835\" target=\"_blank\">adresse http:\/\/support.microsoft.com\/kb\/278835<\/a> ) ;<br \/>\n b. dans Firefox (version 24), vous pouvez supprimer les cookies en cliquant sur &#8220;Outils&#8221;, &#8220;Options&#8221; et &#8220;Confidentialit\u00e9&#8221;, puis en s\u00e9lectionnant &#8220;Utiliser les param\u00e8tres personnalis\u00e9s pour l&#8217;historique&#8221;, en cliquant sur &#8220;Afficher les cookies&#8221; et en cliquant sur &#8220;Supprimer tous les cookies&#8221; ; et<br \/>\n c. dans Chrome (version 29), vous pouvez supprimer tous les cookies en acc\u00e9dant au menu &#8220;Personnaliser et contr\u00f4ler&#8221; et en cliquant sur &#8220;Param\u00e8tres&#8221;, &#8220;Afficher les param\u00e8tres avanc\u00e9s&#8221; et &#8220;Effacer les donn\u00e9es de navigation&#8221;, puis en s\u00e9lectionnant &#8220;Supprimer les cookies et autres donn\u00e9es de site et de plug-in&#8221; avant de cliquer sur &#8220;Effacer les donn\u00e9es de navigation&#8221;.\n        <\/li>\n<li>La suppression des cookies aura un impact n\u00e9gatif sur la facilit\u00e9 d&#8217;utilisation de nombreux sites web.<\/li>\n<\/ol>\n<h3>M. Modifications du pr\u00e9sent avis de confidentialit\u00e9<\/h3>\n<p>Nous pouvons mettre \u00e0 jour cet avis de confidentialit\u00e9 \u00e0 tout moment. Nous vous conseillons vivement de consulter notre page de politique de temps en temps pour vous assurer que vous comprenez les changements apport\u00e9s \u00e0 cette politique, car nous mettrons \u00e0 votre disposition une copie mise \u00e0 jour de cet avis de confidentialit\u00e9 sur notre site web. Nous pouvons vous informer des modifications apport\u00e9es \u00e0 cette politique par courrier \u00e9lectronique ou par le biais du syst\u00e8me de messagerie priv\u00e9e de notre site web.  <\/p>\n<h3>N. Pour plus d&#8217;informations<\/h3>\n<p>Si vous avez des questions sur le pr\u00e9sent avis de confidentialit\u00e9 ou sur vos droits en mati\u00e8re de donn\u00e9es \u00e0 caract\u00e8re personnel, vous pouvez nous contacter \u00e0 l&#8217;adresse <a href=\"mailto:info@candlelightersinternational.org\">info@candlelightersinternational.org<\/a> ou \u00e0 l&#8217;adresse ci-dessous.<\/p>\n<p>Responsable de la protection de la vie priv\u00e9e<br \/>\nCandlelighters International<br \/>\nChemin des Emossi\u00e8res 2<br \/>\n1197 Prangins<\/p>\n","protected":false},"excerpt":{"rendered":"<p>A. Introduction Cet avis de confidentialit\u00e9 destin\u00e9 aux visiteurs de notre site web est tr\u00e8s important pour nous et nous nous engageons \u00e0 le prot\u00e9ger. L&#8217;avis de confidentialit\u00e9 explique comment Candlelighters International recueille, utilise, partage et traite vos donn\u00e9es personnelles collect\u00e9es sur notre site web et en relation avec nos blogs, nos alertes clients et [&hellip;]<\/p>\n","protected":false},"author":10,"featured_media":0,"parent":0,"menu_order":0,"comment_status":"closed","ping_status":"closed","template":"","meta":{"nf_dc_page":"","footnotes":""},"class_list":["post-3814","page","type-page","status-publish","hentry"],"_links":{"self":[{"href":"https:\/\/www.candlelightersinternational.org\/fr\/wp-json\/wp\/v2\/pages\/3814","targetHints":{"allow":["GET"]}}],"collection":[{"href":"https:\/\/www.candlelightersinternational.org\/fr\/wp-json\/wp\/v2\/pages"}],"about":[{"href":"https:\/\/www.candlelightersinternational.org\/fr\/wp-json\/wp\/v2\/types\/page"}],"author":[{"embeddable":true,"href":"https:\/\/www.candlelightersinternational.org\/fr\/wp-json\/wp\/v2\/users\/10"}],"replies":[{"embeddable":true,"href":"https:\/\/www.candlelightersinternational.org\/fr\/wp-json\/wp\/v2\/comments?post=3814"}],"version-history":[{"count":1,"href":"https:\/\/www.candlelightersinternational.org\/fr\/wp-json\/wp\/v2\/pages\/3814\/revisions"}],"predecessor-version":[{"id":3835,"href":"https:\/\/www.candlelightersinternational.org\/fr\/wp-json\/wp\/v2\/pages\/3814\/revisions\/3835"}],"wp:attachment":[{"href":"https:\/\/www.candlelightersinternational.org\/fr\/wp-json\/wp\/v2\/media?parent=3814"}],"curies":[{"name":"wp","href":"https:\/\/api.w.org\/{rel}","templated":true}]}}