{"id":3841,"date":"2025-03-13T12:10:02","date_gmt":"2025-03-13T12:10:02","guid":{"rendered":"https:\/\/www.candlelightersinternational.org\/nos-podcasts\/"},"modified":"2025-03-13T12:10:02","modified_gmt":"2025-03-13T12:10:02","slug":"nos-podcasts","status":"publish","type":"page","link":"https:\/\/www.candlelightersinternational.org\/fr\/nos-podcasts\/","title":{"rendered":"Nos podcasts"},"content":{"rendered":"<h3><strong>Les objectifs de<\/strong> notre podcast<\/h3>\n<p>Fournir des canaux strat\u00e9giques de diffusion de l&#8217;information, de sensibilisation et d&#8217;engagement par le biais desquels les programmes et initiatives de l&#8217;IC pourraient \u00eatre mis en \u0153uvre :<\/p>\n<ol>\n<li>Promouvoir la prise en compte et l&#8217;adoption d&#8217;une vision biblique du monde dans la vie quotidienne.<\/li>\n<li>Remettre en question les hypoth\u00e8ses commun\u00e9ment admises dans notre soci\u00e9t\u00e9 contemporaine.<\/li>\n<li>Sonder et \u00e9chantillonner les attitudes et les connaissances concernant la parole de Dieu.<\/li>\n<li>Aider les croyants \u00e0 d\u00e9velopper une relation personnelle plus profonde avec le Dieu vivant.<\/li>\n<li>Fournir des r\u00e9cits de vie inspirants pour encourager le d\u00e9veloppement personnel.<\/li>\n<\/ol>\n","protected":false},"excerpt":{"rendered":"<p>Les objectifs de notre podcast Fournir des canaux strat\u00e9giques de diffusion de l&#8217;information, de sensibilisation et d&#8217;engagement par le biais desquels les programmes et initiatives de l&#8217;IC pourraient \u00eatre mis en \u0153uvre : Promouvoir la prise en compte et l&#8217;adoption d&#8217;une vision biblique du monde dans la vie quotidienne. Remettre en question les hypoth\u00e8ses commun\u00e9ment [&hellip;]<\/p>\n","protected":false},"author":10,"featured_media":0,"parent":0,"menu_order":0,"comment_status":"closed","ping_status":"closed","template":"page-templates\/our-podcast.php","meta":{"nf_dc_page":"","footnotes":""},"class_list":["post-3841","page","type-page","status-publish","hentry"],"_links":{"self":[{"href":"https:\/\/www.candlelightersinternational.org\/fr\/wp-json\/wp\/v2\/pages\/3841","targetHints":{"allow":["GET"]}}],"collection":[{"href":"https:\/\/www.candlelightersinternational.org\/fr\/wp-json\/wp\/v2\/pages"}],"about":[{"href":"https:\/\/www.candlelightersinternational.org\/fr\/wp-json\/wp\/v2\/types\/page"}],"author":[{"embeddable":true,"href":"https:\/\/www.candlelightersinternational.org\/fr\/wp-json\/wp\/v2\/users\/10"}],"replies":[{"embeddable":true,"href":"https:\/\/www.candlelightersinternational.org\/fr\/wp-json\/wp\/v2\/comments?post=3841"}],"version-history":[{"count":0,"href":"https:\/\/www.candlelightersinternational.org\/fr\/wp-json\/wp\/v2\/pages\/3841\/revisions"}],"wp:attachment":[{"href":"https:\/\/www.candlelightersinternational.org\/fr\/wp-json\/wp\/v2\/media?parent=3841"}],"curies":[{"name":"wp","href":"https:\/\/api.w.org\/{rel}","templated":true}]}}